{"id":22,"date":"2018-10-25T20:50:59","date_gmt":"2018-10-25T20:50:59","guid":{"rendered":"http:\/\/www.acsinformaticos.com\/nueva\/?page_id=22"},"modified":"2021-05-25T18:32:07","modified_gmt":"2021-05-25T18:32:07","slug":"unete-al-equipo","status":"publish","type":"page","link":"https:\/\/www.acsinformaticos.com\/ca\/unete-al-equipo\/","title":{"rendered":"Uneix-te a l\u2019equip"},"content":{"rendered":"<p><\/p>\n<h3><span style=\"color: #ff6600;\"><b>Uneix-te a l\u2019equip<\/b><\/span><\/h3>\n<p style=\"padding-left: 30px;\">A <b>ACS<\/b> donem import\u00e0ncia a les <b>persones,<\/b> el veritable <b>valor<\/b> de l&#8217;organizaci\u00f3.<\/p>\n<p style=\"padding-left: 30px;\">El nostre principal objectiu \u00e9s comptar amb els <b>millors professionals <\/b>del sector.<\/p>\n<p style=\"padding-left: 30px;\">Treballem en importants projectes del sector IT. Si comptes amb formaci\u00f3 i experi\u00e8ncia t\u00e8cnica, <b>t&#8217;estem esperant!<\/b><\/p>\n<h3><u><b><img loading=\"lazy\" decoding=\"async\" class=\"alignnone wp-image-77\" src=\"http:\/\/www.acsinformaticos.com\/wp-content\/uploads\/2018\/10\/paper-plane.png\" alt=\"\" width=\"29\" height=\"29\" \/><\/b><\/u> <span style=\"color: #003366;\"> <a href=\"http:\/\/www.acsinformaticos.com\/ca\/formulario-cv\/contacto-curricular\/\"><u><b>Envia el teu CV<\/b><\/u><\/a><\/span><\/h3>\n<p style=\"padding-left: 60px;\"><b>Ofertes actives:<\/b><\/p>\n<p>\u00a0<\/p>","protected":false},"excerpt":{"rendered":"<p>Uneix-te a l\u2019equip A ACS donem import\u00e0ncia a les persones, el veritable valor de l&#8217;organizaci\u00f3. El nostre principal objectiu \u00e9s comptar amb els millors professionals del sector. Treballem en importants projectes del sector IT. Si comptes amb formaci\u00f3 i experi\u00e8ncia t\u00e8cnica, t&#8217;estem esperant! Envia el teu CV Ofertes actives: \u00a0<\/p>\n","protected":false},"author":6,"featured_media":0,"parent":0,"menu_order":0,"comment_status":"closed","ping_status":"closed","template":"","meta":{"footnotes":""},"class_list":["post-22","page","type-page","status-publish","hentry"],"_links":{"self":[{"href":"https:\/\/www.acsinformaticos.com\/ca\/wp-json\/wp\/v2\/pages\/22","targetHints":{"allow":["GET"]}}],"collection":[{"href":"https:\/\/www.acsinformaticos.com\/ca\/wp-json\/wp\/v2\/pages"}],"about":[{"href":"https:\/\/www.acsinformaticos.com\/ca\/wp-json\/wp\/v2\/types\/page"}],"author":[{"embeddable":true,"href":"https:\/\/www.acsinformaticos.com\/ca\/wp-json\/wp\/v2\/users\/6"}],"replies":[{"embeddable":true,"href":"https:\/\/www.acsinformaticos.com\/ca\/wp-json\/wp\/v2\/comments?post=22"}],"version-history":[{"count":32,"href":"https:\/\/www.acsinformaticos.com\/ca\/wp-json\/wp\/v2\/pages\/22\/revisions"}],"predecessor-version":[{"id":578,"href":"https:\/\/www.acsinformaticos.com\/ca\/wp-json\/wp\/v2\/pages\/22\/revisions\/578"}],"wp:attachment":[{"href":"https:\/\/www.acsinformaticos.com\/ca\/wp-json\/wp\/v2\/media?parent=22"}],"curies":[{"name":"wp","href":"https:\/\/api.w.org\/{rel}","templated":true}]}}