{"id":6,"date":"2018-10-25T20:42:35","date_gmt":"2018-10-25T20:42:35","guid":{"rendered":"http:\/\/www.acsinformaticos.com\/nueva\/?page_id=6"},"modified":"2018-11-06T08:01:07","modified_gmt":"2018-11-06T08:01:07","slug":"inicio","status":"publish","type":"page","link":"https:\/\/www.acsinformaticos.com\/ca\/","title":{"rendered":"Inici"},"content":{"rendered":"<p><\/p>\n<div>\n<div class=\"left-block\">\n<h4 style=\"padding-left: 30px;\"><span style=\"color: #333333;\">A <span style=\"color: #0854a1;\"><b>ACS Inform\u00e1ticos <\/b><\/span>portem m\u00e9s de vint anys proporcionant solucions TIC.<\/span><\/h4>\n<p>&nbsp;<\/p>\n<h4 style=\"padding-left: 30px;\"><span style=\"color: #333333;\">Amb una clara orientaci\u00f3 al client, l\u2019acompanyem amb el disseny de <span style=\"color: #0854a1;\"><b>l&#8217;estrat\u00e8gia, implantaci\u00f3, suport i manteniment <\/b><\/span>dels seus projectes IT.<br \/>\n<\/span> \n<div class='rotatingtweets rotatingtweets_format_0' id='rotatingtweets_4000_scrollUp_6000_69d2873a37864' data-cycle-auto-height=\"calc\" data-cycle-fx=\"scrollUp\" data-cycle-pause-on-hover=\"true\" data-cycle-timeout=\"4000\" data-cycle-speed=\"6000\" data-cycle-easing=\"swing\" data-cycle-slides=\"div.rotatingtweet\" data-cycle-log=\"false\">\n\t<div class = 'rotatingtweet' style='display:none'><p class='rtw_main'>No Tweets found<\/p><\/div>\n<\/div><\/h4>\n<\/div>\n<div class=\"right-img\"><img loading=\"lazy\" decoding=\"async\" class=\"size-full wp-image-62 alignnone\" src=\"http:\/\/www.acsinformaticos.com\/wp-content\/uploads\/2018\/10\/outside.png\" alt=\"\" width=\"628\" height=\"480\" srcset=\"https:\/\/www.acsinformaticos.com\/wp-content\/uploads\/2018\/10\/outside.png 628w, https:\/\/www.acsinformaticos.com\/wp-content\/uploads\/2018\/10\/outside-300x229.png 300w\" sizes=\"auto, (max-width: 628px) 100vw, 628px\" \/><\/div>\n<\/div>\n<p><\/p>","protected":false},"excerpt":{"rendered":"<p>A ACS Inform\u00e1ticos portem m\u00e9s de vint anys proporcionant solucions TIC. &nbsp; Amb una clara orientaci\u00f3 al client, l\u2019acompanyem amb el disseny de l&#8217;estrat\u00e8gia, implantaci\u00f3, suport i manteniment dels seus projectes IT.<\/p>\n","protected":false},"author":1,"featured_media":0,"parent":0,"menu_order":0,"comment_status":"closed","ping_status":"closed","template":"","meta":{"footnotes":""},"class_list":["post-6","page","type-page","status-publish","hentry"],"_links":{"self":[{"href":"https:\/\/www.acsinformaticos.com\/ca\/wp-json\/wp\/v2\/pages\/6","targetHints":{"allow":["GET"]}}],"collection":[{"href":"https:\/\/www.acsinformaticos.com\/ca\/wp-json\/wp\/v2\/pages"}],"about":[{"href":"https:\/\/www.acsinformaticos.com\/ca\/wp-json\/wp\/v2\/types\/page"}],"author":[{"embeddable":true,"href":"https:\/\/www.acsinformaticos.com\/ca\/wp-json\/wp\/v2\/users\/1"}],"replies":[{"embeddable":true,"href":"https:\/\/www.acsinformaticos.com\/ca\/wp-json\/wp\/v2\/comments?post=6"}],"version-history":[{"count":25,"href":"https:\/\/www.acsinformaticos.com\/ca\/wp-json\/wp\/v2\/pages\/6\/revisions"}],"predecessor-version":[{"id":357,"href":"https:\/\/www.acsinformaticos.com\/ca\/wp-json\/wp\/v2\/pages\/6\/revisions\/357"}],"wp:attachment":[{"href":"https:\/\/www.acsinformaticos.com\/ca\/wp-json\/wp\/v2\/media?parent=6"}],"curies":[{"name":"wp","href":"https:\/\/api.w.org\/{rel}","templated":true}]}}