{"id":8,"date":"2018-10-25T20:44:07","date_gmt":"2018-10-25T20:44:07","guid":{"rendered":"http:\/\/www.acsinformaticos.com\/nueva\/?page_id=8"},"modified":"2018-11-07T13:02:09","modified_gmt":"2018-11-07T13:02:09","slug":"quienes-somos","status":"publish","type":"page","link":"https:\/\/www.acsinformaticos.com\/ca\/quienes-somos\/","title":{"rendered":"Qui som"},"content":{"rendered":"<p><\/p>\n<h3><img loading=\"lazy\" decoding=\"async\" class=\"wp-image-79 alignleft\" src=\"http:\/\/www.acsinformaticos.com\/wp-content\/uploads\/2018\/10\/star.png\" alt=\"\" width=\"29\" height=\"29\" \/><strong><span style=\"color: #ff6600;\">Qui som?<\/span><\/strong><\/h3>\n<p style=\"padding-left: 90px;\">Des de la nostra fundaci\u00f3 al 1995, oferim serveis professionals i de consultoria en el sector tecnol\u00f2gic.<\/p>\n<p style=\"padding-left: 90px;\">Posem a disposici\u00f3 dels nostres clients el coneixement, l\u2019experi\u00e8ncia i la capacitat dels nostres professionals, basant els nostres serveis en la qualitat i el rigor.<\/p>\n<h3><img loading=\"lazy\" decoding=\"async\" class=\"wp-image-74 alignleft\" src=\"http:\/\/www.acsinformaticos.com\/wp-content\/uploads\/2018\/10\/medal2.png\" alt=\"\" width=\"29\" height=\"29\" \/><strong><span style=\"color: #ff6600;\">Qu\u00e8 ens diferencia?<\/span><\/strong><\/h3>\n<p style=\"padding-left: 30px;\"><img loading=\"lazy\" decoding=\"async\" class=\"alignnone wp-image-329\" src=\"http:\/\/www.acsinformaticos.com\/wp-content\/uploads\/2018\/11\/success.png\" alt=\"\" width=\"200\" height=\"220\" srcset=\"https:\/\/www.acsinformaticos.com\/wp-content\/uploads\/2018\/11\/success.png 363w, https:\/\/www.acsinformaticos.com\/wp-content\/uploads\/2018\/11\/success-272x300.png 272w\" sizes=\"auto, (max-width: 200px) 100vw, 200px\" \/><img loading=\"lazy\" decoding=\"async\" class=\"alignnone wp-image-67\" src=\"http:\/\/www.acsinformaticos.com\/wp-content\/uploads\/2018\/11\/wheel-300x256-cat.png\" alt=\"\" width=\"300\" height=\"256\" \/><\/p>\n<h3><img loading=\"lazy\" decoding=\"async\" class=\"alignleft wp-image-80\" src=\"http:\/\/www.acsinformaticos.com\/wp-content\/uploads\/2018\/10\/medal2.png\" alt=\"\" width=\"29\" height=\"29\" \/><a href=\"http:\/\/www.acsinformaticos.com\/nuestros-clientes\/\"><span style=\"color: #ff6600;\"><strong>Els nostres clients<\/strong><\/span><\/a><\/h3>\n<p><\/p>","protected":false},"excerpt":{"rendered":"<p>Qui som? Des de la nostra fundaci\u00f3 al 1995, oferim serveis professionals i de consultoria en el sector tecnol\u00f2gic. Posem a disposici\u00f3 dels nostres clients el coneixement, l\u2019experi\u00e8ncia i la capacitat dels nostres professionals, basant els nostres serveis en la qualitat i el rigor. Qu\u00e8 ens diferencia? Els nostres clients<\/p>\n","protected":false},"author":1,"featured_media":0,"parent":0,"menu_order":0,"comment_status":"closed","ping_status":"closed","template":"","meta":{"footnotes":""},"class_list":["post-8","page","type-page","status-publish","hentry"],"_links":{"self":[{"href":"https:\/\/www.acsinformaticos.com\/ca\/wp-json\/wp\/v2\/pages\/8","targetHints":{"allow":["GET"]}}],"collection":[{"href":"https:\/\/www.acsinformaticos.com\/ca\/wp-json\/wp\/v2\/pages"}],"about":[{"href":"https:\/\/www.acsinformaticos.com\/ca\/wp-json\/wp\/v2\/types\/page"}],"author":[{"embeddable":true,"href":"https:\/\/www.acsinformaticos.com\/ca\/wp-json\/wp\/v2\/users\/1"}],"replies":[{"embeddable":true,"href":"https:\/\/www.acsinformaticos.com\/ca\/wp-json\/wp\/v2\/comments?post=8"}],"version-history":[{"count":28,"href":"https:\/\/www.acsinformaticos.com\/ca\/wp-json\/wp\/v2\/pages\/8\/revisions"}],"predecessor-version":[{"id":363,"href":"https:\/\/www.acsinformaticos.com\/ca\/wp-json\/wp\/v2\/pages\/8\/revisions\/363"}],"wp:attachment":[{"href":"https:\/\/www.acsinformaticos.com\/ca\/wp-json\/wp\/v2\/media?parent=8"}],"curies":[{"name":"wp","href":"https:\/\/api.w.org\/{rel}","templated":true}]}}